{"id":997,"date":"2025-04-16T21:24:19","date_gmt":"2025-04-16T21:24:19","guid":{"rendered":"https:\/\/prueba.endergraphic.com\/?page_id=997"},"modified":"2025-04-16T21:24:20","modified_gmt":"2025-04-16T21:24:20","slug":"indecopi","status":"publish","type":"page","link":"https:\/\/prueba.endergraphic.com\/index.php\/indecopi\/","title":{"rendered":"Indecopi"},"content":{"rendered":"<p>[et_pb_section fb_built=\u00bb1&#8243; theme_builder_area=\u00bbpost_content\u00bb _builder_version=\u00bb4.24.2&#8243; _module_preset=\u00bbdefault\u00bb background_color=\u00bb#eaeaea\u00bb hover_enabled=\u00bb0&#8243; sticky_enabled=\u00bb0&#8243;][et_pb_row _builder_version=\u00bb4.24.2&#8243; _module_preset=\u00bbdefault\u00bb theme_builder_area=\u00bbpost_content\u00bb max_width=\u00bb1572px\u00bb width=\u00bb82%\u00bb hover_enabled=\u00bb0&#8243; sticky_enabled=\u00bb0&#8243;][et_pb_column _builder_version=\u00bb4.24.2&#8243; _module_preset=\u00bbdefault\u00bb type=\u00bb4_4&#8243; theme_builder_area=\u00bbpost_content\u00bb][et_pb_blurb title=\u00bbIndecopi sanciona a Interbank: le exige corregir saldos por fallas en el sistema en primera instancia\u00bb _builder_version=\u00bb4.24.2&#8243; _module_preset=\u00bbdefault\u00bb theme_builder_area=\u00bbpost_content\u00bb text_orientation=\u00bbcenter\u00bb header_font=\u00bb|700|||||||\u00bb header_text_color=\u00bb#000000&#8243; header_font_size=\u00bb25px\u00bb hover_enabled=\u00bb0&#8243; sticky_enabled=\u00bb0&#8243; content_max_width=\u00bb813px\u00bb custom_margin=\u00bb63px|||||\u00bb]<\/p>\n<p class=\"font-secondary block-blog-header__description\" data-v-c599b443=\"\" data-qa=\"blog-label-postdescription\">Indecopi dict\u00f3 una serie de medidas que deber\u00e1 cumplir Interbank por haber afectado a m\u00e1s de 260,000 clientes por consumos duplicados debido a fallas operativas el pasado 4 de mayo del 2024.<\/p>\n<p>Andina<\/p>\n<div class=\"blog-list-item-meta\" data-v-c599b443=\"\" data-v-d92226f1=\"\">\n<div class=\"font-secondary\" data-v-d92226f1=\"\">\n<p class=\"blog-list-item-meta__author-name\" data-v-d92226f1=\"\" data-qa=\"blog-author\"><span data-v-d92226f1=\"\">11\/7\/2024<\/span><\/p>\n<\/div>\n<\/div>\n<p>[\/et_pb_blurb][\/et_pb_column][\/et_pb_row][\/et_pb_section][et_pb_section fb_built=\u00bb1&#8243; theme_builder_area=\u00bbpost_content\u00bb _builder_version=\u00bb4.24.2&#8243; _module_preset=\u00bbdefault\u00bb custom_padding=\u00bb0px|||||\u00bb][et_pb_row _builder_version=\u00bb4.24.2&#8243; _module_preset=\u00bbdefault\u00bb theme_builder_area=\u00bbpost_content\u00bb custom_padding=\u00bb0px|||||\u00bb][et_pb_column _builder_version=\u00bb4.24.2&#8243; _module_preset=\u00bbdefault\u00bb type=\u00bb4_4&#8243; theme_builder_area=\u00bbpost_content\u00bb][et_pb_image src=\u00bbhttps:\/\/prueba.endergraphic.com\/wp-content\/uploads\/2025\/04\/post-interbank-peru_mesa-de-trabajo-1-Aq2q3ojx6bunDwWe.avif\u00bb _builder_version=\u00bb4.24.2&#8243; _module_preset=\u00bbdefault\u00bb theme_builder_area=\u00bbpost_content\u00bb title_text=\u00bbpost-interbank-peru_mesa-de-trabajo-1-Aq2q3ojx6bunDwWe\u00bb align=\u00bbcenter\u00bb width=\u00bb61%\u00bb hover_enabled=\u00bb0&#8243; sticky_enabled=\u00bb0&#8243;][\/et_pb_image][\/et_pb_column][\/et_pb_row][et_pb_row _builder_version=\u00bb4.24.2&#8243; _module_preset=\u00bbdefault\u00bb theme_builder_area=\u00bbpost_content\u00bb][et_pb_column _builder_version=\u00bb4.24.2&#8243; _module_preset=\u00bbdefault\u00bb type=\u00bb4_4&#8243; theme_builder_area=\u00bbpost_content\u00bb][et_pb_blurb title=\u00bbEl auge de la inteligencia artificial y los deepfakes\u00bb _builder_version=\u00bb4.24.2&#8243; _module_preset=\u00bbdefault\u00bb theme_builder_area=\u00bbpost_content\u00bb hover_enabled=\u00bb0&#8243; sticky_enabled=\u00bb0&#8243; header_font=\u00bb|700|||||||\u00bb header_font_size=\u00bb30px\u00bb content_max_width=\u00bb661px\u00bb header_line_height=\u00bb1.1em\u00bb body_font_size=\u00bb16px\u00bb header_text_align=\u00bbjustify\u00bb body_text_align=\u00bbjustify\u00bb]<\/p>\n<div class=\"layout-element layout-element--layout layout-element transition transition--scale\" data-v-5567603e=\"\" data-qa=\"layout-element-wrapper:z0y9xz\" data-animation-state=\"active\">\n<div class=\"text-box layout-element__component layout-element__component--GridTextBox\" id=\"z0Y9XZ\" data-v-5567603e=\"\" data-qa=\"gridtextbox:z0y9xz\">\n<p dir=\"auto\" class=\"body\"><span>La Comisi\u00f3n de Protecci\u00f3n al Consumidor N.\u00ba 3 del <\/span><strong>Indecopi<\/strong><span>, en primera instancia administrativa, ha ordenado al <\/span><strong>Banco Internacional del Per\u00fa (<u><a href=\"https:\/\/rpp.pe\/economia\/economia\/indecopi-en-que-quedo-la-filtracion-de-datos-de-interbank-noticia-1599523\">Interbank<\/a><\/u>)<\/strong><span> demostrar que los saldos de m\u00e1s de 260,000 clientes fueron corregidos y restablecidos tras los consumos duplicados registrados el 4 de mayo de 2024; ya que este problema se origin\u00f3 por fallas operativas en sus sistemas.<\/p>\n<p><\/span>por <u><a href=\"https:\/\/rpp.pe\/autor\/fhokama\" title=\"Fiorella Hokama\">Fiorella Hokama<\/a><\/u><\/p>\n<\/div>\n<\/div>\n<p>[\/et_pb_blurb][et_pb_blurb title=\u00bbIndecopi dict\u00f3 una serie de medidas que deber\u00e1 cumplir Interbank por haber afectado a m\u00e1s de 260,000 clientes por consumos duplicados debido a fallas operativas el pasado 4 de mayo del 2024.\u00bb _builder_version=\u00bb4.24.2&#8243; _module_preset=\u00bbdefault\u00bb theme_builder_area=\u00bbpost_content\u00bb hover_enabled=\u00bb0&#8243; sticky_enabled=\u00bb0&#8243; header_font=\u00bb|700|||||||\u00bb header_font_size=\u00bb30px\u00bb content_max_width=\u00bb661px\u00bb header_line_height=\u00bb1.1em\u00bb body_font_size=\u00bb16px\u00bb header_text_align=\u00bbjustify\u00bb body_text_align=\u00bbjustify\u00bb]<\/p>\n<div class=\"layout-element layout-element--layout layout-element transition transition--scale\" data-v-5567603e=\"\" data-qa=\"layout-element-wrapper:z0y9xz\" data-animation-state=\"active\">\n<div class=\"text-box layout-element__component layout-element__component--GridTextBox\" id=\"z0Y9XZ\" data-v-5567603e=\"\" data-qa=\"gridtextbox:z0y9xz\">\n<p dir=\"auto\" class=\"body\">La Comisi\u00f3n de Protecci\u00f3n al Consumidor N.\u00ba 3 del <strong>Indecopi<\/strong>, en primera instancia administrativa, ha ordenado al <strong>Banco Internacional del Per\u00fa <u><a target=\"\" href=\"https:\/\/rpp.pe\/economia\/economia\/indecopi-en-que-quedo-la-filtracion-de-datos-de-interbank-noticia-1599523\">(Interbank)<\/a><\/u><\/strong> demostrar que los saldos de m\u00e1s de 260,000 clientes fueron corregidos y restablecidos tras los consumos duplicados registrados el 4 de mayo de 2024; ya que este problema se origin\u00f3 por fallas operativas en sus sistemas.<\/p>\n<p dir=\"auto\" class=\"body\">Play Video<\/p>\n<p dir=\"auto\" class=\"body\">El organismo regulador determin\u00f3 que <strong><u><a href=\"https:\/\/rpp.pe\/economia\/economia\/indecopi-en-que-quedo-la-filtracion-de-datos-de-interbank-noticia-1599523\">Interbank <\/a><\/u><\/strong>no brind\u00f3 un servicio adecuado porque la incidencia afect\u00f3 los saldos disponibles de sus clientes y el banco no proporcion\u00f3 informaci\u00f3n clara y oportuna sobre lo sucedido. Como resultado, se le impuso una multa de 44.8 UIT, equivalente a S\/ 239,680.<\/p>\n<p dir=\"auto\" class=\"body\">La Comisi\u00f3n enfatiz\u00f3 que la deficiencia en el servicio afect\u00f3 la confianza de los <strong>consumidores<\/strong>, quienes no pudieron disponer correctamente de sus fondos. Adem\u00e1s, la falta de informaci\u00f3n agrav\u00f3 la incertidumbre de los usuarios respecto a la<u><a target=\"\" href=\"https:\/\/rpp.pe\/peru\/actualidad\/caso-interbank-sbs-dijo-que-a-la-fecha-no-existen-evidencias-de-que-clientes-hayan-sido-extorsionados-tras-filtracion-de-datos-noticia-1597221\"> <\/a><\/u><strong><u><a target=\"\" href=\"https:\/\/rpp.pe\/peru\/actualidad\/caso-interbank-sbs-dijo-que-a-la-fecha-no-existen-evidencias-de-que-clientes-hayan-sido-extorsionados-tras-filtracion-de-datos-noticia-1597221\">seguridad de sus cuentas<\/a><\/u><\/strong><u><a target=\"\" href=\"https:\/\/rpp.pe\/peru\/actualidad\/caso-interbank-sbs-dijo-que-a-la-fecha-no-existen-evidencias-de-que-clientes-hayan-sido-extorsionados-tras-filtracion-de-datos-noticia-1597221\">.<\/a><\/u><\/p>\n<p dir=\"auto\" class=\"body\">Adem\u00e1s de la <strong>sanci\u00f3n econ\u00f3mica<\/strong>, la resoluci\u00f3n dispone que <strong>Interbank <\/strong>implemente un programa de cumplimiento normativo para mitigar futuros problemas operativos que puedan impactar los saldos de los clientes. Este programa deber\u00e1 incluir pol\u00edticas y procedimientos claros, la participaci\u00f3n de directivos y capacitaci\u00f3n al personal.<\/p>\n<p dir=\"auto\" class=\"body\">Si el banco no est\u00e1 conforme con esta decisi\u00f3n en primera instancia, tiene la posibilidad de impugnarla ante la Sala Especializada en Protecci\u00f3n al Consumidor del <strong>Indecopi<\/strong>, que constituye la \u00faltima instancia administrativa.<\/p>\n<p>&nbsp;<\/p>\n<\/div>\n<\/div>\n<p>[\/et_pb_blurb][et_pb_blurb title=\u00bb\u00bfQuieres proteger a tu empresa y tus usuarios de cualquier tipo de ataque o robo de informaci\u00f3n?\u00bb _builder_version=\u00bb4.24.2&#8243; _module_preset=\u00bbdefault\u00bb theme_builder_area=\u00bbpost_content\u00bb hover_enabled=\u00bb0&#8243; sticky_enabled=\u00bb0&#8243; header_font=\u00bb|700|||||||\u00bb header_font_size=\u00bb30px\u00bb content_max_width=\u00bb661px\u00bb header_line_height=\u00bb1.1em\u00bb body_font_size=\u00bb16px\u00bb header_text_align=\u00bbjustify\u00bb body_text_align=\u00bbjustify\u00bb][\/et_pb_blurb][et_pb_text _builder_version=\u00bb4.24.2&#8243; _module_preset=\u00bbdefault\u00bb theme_builder_area=\u00bbpost_content\u00bb text_orientation=\u00bbcenter\u00bb text_font_size=\u00bb40px\u00bb text_text_color=\u00bb#21aece\u00bb text_font=\u00bb|700|||||||\u00bb hover_enabled=\u00bb0&#8243; sticky_enabled=\u00bb0&#8243;]<\/p>\n<p>\u00a1Cont\u00e1ctanos\u00a1<\/p>\n<p>[\/et_pb_text][\/et_pb_column][\/et_pb_row][et_pb_row _builder_version=\u00bb4.24.2&#8243; _module_preset=\u00bbdefault\u00bb width=\u00bb35%\u00bb max_width=\u00bb1023px\u00bb border_radii=\u00bbon|50px|50px|50px|50px\u00bb global_colors_info=\u00bb{}\u00bb locked=\u00bboff\u00bb theme_builder_area=\u00bbpost_content\u00bb][et_pb_column type=\u00bb4_4&#8243; _builder_version=\u00bb4.24.2&#8243; _module_preset=\u00bbdefault\u00bb border_radii=\u00bbon|32px|32px|32px|32px\u00bb global_colors_info=\u00bb{}\u00bb theme_builder_area=\u00bbpost_content\u00bb][et_pb_contact_form captcha=\u00bboff\u00bb submit_button_text=\u00bbEnviar consulta\u00bb _builder_version=\u00bb4.24.2&#8243; _module_preset=\u00bbdefault\u00bb _unique_id=\u00bb8fa1a6af-7c6e-4df7-867d-dc80a508e4f3&#8243; form_field_focus_background_color=\u00bb#FFFFFF\u00bb form_field_custom_margin=\u00bb5px|8px|12px|4px|false|false\u00bb captcha_text_color=\u00bb#1a9e8c\u00bb captcha_font_size=\u00bb14px\u00bb form_field_font_size=\u00bb13px\u00bb form_field_line_height=\u00bb2em\u00bb background_color=\u00bb#FFFFFF\u00bb custom_button=\u00bbon\u00bb button_text_size=\u00bb15px\u00bb button_text_color=\u00bb#FFFFFF\u00bb button_bg_color=\u00bb#199e83&#8243; button_border_width=\u00bb7px\u00bb button_border_color=\u00bbRGBA(255,255,255,0)\u00bb button_border_radius=\u00bb11px\u00bb button_custom_margin=\u00bb|159px||0px|false|false\u00bb button_custom_padding=\u00bb|14px|||false|false\u00bb custom_padding=\u00bb20px|20px|20px|20px|false|false\u00bb border_radii=\u00bbon|14px|14px|14px|14px\u00bb global_colors_info=\u00bb{}\u00bb button_bg_color__hover_enabled=\u00bbon|desktop\u00bb button_bg_color__hover=\u00bb#002f4f\u00bb button_bg_enable_color__hover=\u00bbon\u00bb theme_builder_area=\u00bbpost_content\u00bb][et_pb_contact_field field_id=\u00bbNombre\u00bb field_title=\u00bbNombre\u00bb fullwidth_field=\u00bbon\u00bb _builder_version=\u00bb4.24.2&#8243; _module_preset=\u00bbdefault\u00bb global_colors_info=\u00bb{}\u00bb theme_builder_area=\u00bbpost_content\u00bb][\/et_pb_contact_field][et_pb_contact_field field_id=\u00bbEmail\u00bb field_title=\u00bbEmail\u00bb fullwidth_field=\u00bbon\u00bb _builder_version=\u00bb4.24.2&#8243; _module_preset=\u00bbdefault\u00bb global_colors_info=\u00bb{}\u00bb theme_builder_area=\u00bbpost_content\u00bb][\/et_pb_contact_field][et_pb_contact_field field_id=\u00bbMessage\u00bb field_title=\u00bbMensaje\u00bb field_type=\u00bbtext\u00bb fullwidth_field=\u00bbon\u00bb _builder_version=\u00bb4.16&#8243; global_colors_info=\u00bb{}\u00bb button_text_size__hover_enabled=\u00bboff\u00bb button_one_text_size__hover_enabled=\u00bboff\u00bb button_two_text_size__hover_enabled=\u00bboff\u00bb button_text_color__hover_enabled=\u00bboff\u00bb button_one_text_color__hover_enabled=\u00bboff\u00bb button_two_text_color__hover_enabled=\u00bboff\u00bb button_border_width__hover_enabled=\u00bboff\u00bb button_one_border_width__hover_enabled=\u00bboff\u00bb button_two_border_width__hover_enabled=\u00bboff\u00bb button_border_color__hover_enabled=\u00bboff\u00bb button_one_border_color__hover_enabled=\u00bboff\u00bb button_two_border_color__hover_enabled=\u00bboff\u00bb button_border_radius__hover_enabled=\u00bboff\u00bb button_one_border_radius__hover_enabled=\u00bboff\u00bb button_two_border_radius__hover_enabled=\u00bboff\u00bb button_letter_spacing__hover_enabled=\u00bboff\u00bb button_one_letter_spacing__hover_enabled=\u00bboff\u00bb button_two_letter_spacing__hover_enabled=\u00bboff\u00bb button_bg_color__hover_enabled=\u00bboff\u00bb button_one_bg_color__hover_enabled=\u00bboff\u00bb button_two_bg_color__hover_enabled=\u00bboff\u00bb theme_builder_area=\u00bbpost_content\u00bb][\/et_pb_contact_field][\/et_pb_contact_form][\/et_pb_column][\/et_pb_row][\/et_pb_section]<\/p>\n","protected":false},"excerpt":{"rendered":"<p>Indecopi dict\u00f3 una serie de medidas que deber\u00e1 cumplir Interbank por haber afectado a m\u00e1s de 260,000 clientes por consumos duplicados debido a fallas operativas el pasado 4 de mayo del 2024. Andina 11\/7\/2024 La Comisi\u00f3n de Protecci\u00f3n al Consumidor N.\u00ba 3 del Indecopi, en primera instancia administrativa, ha ordenado al Banco Internacional del Per\u00fa [&hellip;]<\/p>\n","protected":false},"author":1,"featured_media":0,"parent":0,"menu_order":0,"comment_status":"closed","ping_status":"closed","template":"","meta":{"_et_pb_use_builder":"on","_et_pb_old_content":"","_et_gb_content_width":"","footnotes":""},"class_list":["post-997","page","type-page","status-publish","hentry"],"yoast_head":"<!-- This site is optimized with the Yoast SEO plugin v25.5 - https:\/\/yoast.com\/wordpress\/plugins\/seo\/ -->\n<title>Indecopi - prueba<\/title>\n<meta name=\"robots\" content=\"index, follow, max-snippet:-1, max-image-preview:large, max-video-preview:-1\" \/>\n<link rel=\"canonical\" href=\"https:\/\/prueba.endergraphic.com\/index.php\/indecopi\/\" \/>\n<meta property=\"og:locale\" content=\"es_ES\" \/>\n<meta property=\"og:type\" content=\"article\" \/>\n<meta property=\"og:title\" content=\"Indecopi - prueba\" \/>\n<meta property=\"og:description\" content=\"Indecopi dict\u00f3 una serie de medidas que deber\u00e1 cumplir Interbank por haber afectado a m\u00e1s de 260,000 clientes por consumos duplicados debido a fallas operativas el pasado 4 de mayo del 2024. Andina 11\/7\/2024 La Comisi\u00f3n de Protecci\u00f3n al Consumidor N.\u00ba 3 del Indecopi, en primera instancia administrativa, ha ordenado al Banco Internacional del Per\u00fa [&hellip;]\" \/>\n<meta property=\"og:url\" content=\"https:\/\/prueba.endergraphic.com\/index.php\/indecopi\/\" \/>\n<meta property=\"og:site_name\" content=\"prueba\" \/>\n<meta property=\"article:modified_time\" content=\"2025-04-16T21:24:20+00:00\" \/>\n<meta name=\"twitter:card\" content=\"summary_large_image\" \/>\n<meta name=\"twitter:label1\" content=\"Tiempo de lectura\" \/>\n\t<meta name=\"twitter:data1\" content=\"6 minutos\" \/>\n<script type=\"application\/ld+json\" class=\"yoast-schema-graph\">{\"@context\":\"https:\/\/schema.org\",\"@graph\":[{\"@type\":\"WebPage\",\"@id\":\"https:\/\/prueba.endergraphic.com\/index.php\/indecopi\/\",\"url\":\"https:\/\/prueba.endergraphic.com\/index.php\/indecopi\/\",\"name\":\"Indecopi - prueba\",\"isPartOf\":{\"@id\":\"https:\/\/prueba.endergraphic.com\/#website\"},\"datePublished\":\"2025-04-16T21:24:19+00:00\",\"dateModified\":\"2025-04-16T21:24:20+00:00\",\"breadcrumb\":{\"@id\":\"https:\/\/prueba.endergraphic.com\/index.php\/indecopi\/#breadcrumb\"},\"inLanguage\":\"es\",\"potentialAction\":[{\"@type\":\"ReadAction\",\"target\":[\"https:\/\/prueba.endergraphic.com\/index.php\/indecopi\/\"]}]},{\"@type\":\"BreadcrumbList\",\"@id\":\"https:\/\/prueba.endergraphic.com\/index.php\/indecopi\/#breadcrumb\",\"itemListElement\":[{\"@type\":\"ListItem\",\"position\":1,\"name\":\"Portada\",\"item\":\"https:\/\/prueba.endergraphic.com\/\"},{\"@type\":\"ListItem\",\"position\":2,\"name\":\"Indecopi\"}]},{\"@type\":\"WebSite\",\"@id\":\"https:\/\/prueba.endergraphic.com\/#website\",\"url\":\"https:\/\/prueba.endergraphic.com\/\",\"name\":\"prueba\",\"description\":\"\",\"potentialAction\":[{\"@type\":\"SearchAction\",\"target\":{\"@type\":\"EntryPoint\",\"urlTemplate\":\"https:\/\/prueba.endergraphic.com\/?s={search_term_string}\"},\"query-input\":{\"@type\":\"PropertyValueSpecification\",\"valueRequired\":true,\"valueName\":\"search_term_string\"}}],\"inLanguage\":\"es\"}]}<\/script>\n<!-- \/ Yoast SEO plugin. -->","yoast_head_json":{"title":"Indecopi - prueba","robots":{"index":"index","follow":"follow","max-snippet":"max-snippet:-1","max-image-preview":"max-image-preview:large","max-video-preview":"max-video-preview:-1"},"canonical":"https:\/\/prueba.endergraphic.com\/index.php\/indecopi\/","og_locale":"es_ES","og_type":"article","og_title":"Indecopi - prueba","og_description":"Indecopi dict\u00f3 una serie de medidas que deber\u00e1 cumplir Interbank por haber afectado a m\u00e1s de 260,000 clientes por consumos duplicados debido a fallas operativas el pasado 4 de mayo del 2024. Andina 11\/7\/2024 La Comisi\u00f3n de Protecci\u00f3n al Consumidor N.\u00ba 3 del Indecopi, en primera instancia administrativa, ha ordenado al Banco Internacional del Per\u00fa [&hellip;]","og_url":"https:\/\/prueba.endergraphic.com\/index.php\/indecopi\/","og_site_name":"prueba","article_modified_time":"2025-04-16T21:24:20+00:00","twitter_card":"summary_large_image","twitter_misc":{"Tiempo de lectura":"6 minutos"},"schema":{"@context":"https:\/\/schema.org","@graph":[{"@type":"WebPage","@id":"https:\/\/prueba.endergraphic.com\/index.php\/indecopi\/","url":"https:\/\/prueba.endergraphic.com\/index.php\/indecopi\/","name":"Indecopi - prueba","isPartOf":{"@id":"https:\/\/prueba.endergraphic.com\/#website"},"datePublished":"2025-04-16T21:24:19+00:00","dateModified":"2025-04-16T21:24:20+00:00","breadcrumb":{"@id":"https:\/\/prueba.endergraphic.com\/index.php\/indecopi\/#breadcrumb"},"inLanguage":"es","potentialAction":[{"@type":"ReadAction","target":["https:\/\/prueba.endergraphic.com\/index.php\/indecopi\/"]}]},{"@type":"BreadcrumbList","@id":"https:\/\/prueba.endergraphic.com\/index.php\/indecopi\/#breadcrumb","itemListElement":[{"@type":"ListItem","position":1,"name":"Portada","item":"https:\/\/prueba.endergraphic.com\/"},{"@type":"ListItem","position":2,"name":"Indecopi"}]},{"@type":"WebSite","@id":"https:\/\/prueba.endergraphic.com\/#website","url":"https:\/\/prueba.endergraphic.com\/","name":"prueba","description":"","potentialAction":[{"@type":"SearchAction","target":{"@type":"EntryPoint","urlTemplate":"https:\/\/prueba.endergraphic.com\/?s={search_term_string}"},"query-input":{"@type":"PropertyValueSpecification","valueRequired":true,"valueName":"search_term_string"}}],"inLanguage":"es"}]}},"_links":{"self":[{"href":"https:\/\/prueba.endergraphic.com\/index.php\/wp-json\/wp\/v2\/pages\/997","targetHints":{"allow":["GET"]}}],"collection":[{"href":"https:\/\/prueba.endergraphic.com\/index.php\/wp-json\/wp\/v2\/pages"}],"about":[{"href":"https:\/\/prueba.endergraphic.com\/index.php\/wp-json\/wp\/v2\/types\/page"}],"author":[{"embeddable":true,"href":"https:\/\/prueba.endergraphic.com\/index.php\/wp-json\/wp\/v2\/users\/1"}],"replies":[{"embeddable":true,"href":"https:\/\/prueba.endergraphic.com\/index.php\/wp-json\/wp\/v2\/comments?post=997"}],"version-history":[{"count":3,"href":"https:\/\/prueba.endergraphic.com\/index.php\/wp-json\/wp\/v2\/pages\/997\/revisions"}],"predecessor-version":[{"id":1004,"href":"https:\/\/prueba.endergraphic.com\/index.php\/wp-json\/wp\/v2\/pages\/997\/revisions\/1004"}],"wp:attachment":[{"href":"https:\/\/prueba.endergraphic.com\/index.php\/wp-json\/wp\/v2\/media?parent=997"}],"curies":[{"name":"wp","href":"https:\/\/api.w.org\/{rel}","templated":true}]}}