{"id":338,"date":"2025-03-27T15:04:46","date_gmt":"2025-03-27T15:04:46","guid":{"rendered":"https:\/\/prueba.endergraphic.com\/?page_id=338"},"modified":"2025-05-02T14:20:48","modified_gmt":"2025-05-02T14:20:48","slug":"capacitacion","status":"publish","type":"page","link":"https:\/\/prueba.endergraphic.com\/index.php\/capacitacion\/","title":{"rendered":"Capacitaci\u00f3n"},"content":{"rendered":"<p>[et_pb_section fb_built=\u00bb1&#8243; _builder_version=\u00bb4.24.2&#8243; _module_preset=\u00bbdefault\u00bb background_video_mp4=\u00bbhttps:\/\/prueba.endergraphic.com\/wp-content\/uploads\/2025\/03\/Sin-titulo-1800-x-900-px-1.mp4&#8243; custom_padding=\u00bb||9px|||\u00bb hover_enabled=\u00bb0&#8243; global_colors_info=\u00bb{}\u00bb title_text=\u00bbSin t\u00edtulo (1800 x 900 px) (1)\u00bb sticky_enabled=\u00bb0&#8243;][et_pb_row _builder_version=\u00bb4.24.2&#8243; _module_preset=\u00bbdefault\u00bb background_color=\u00bbrgba(10,10,10,0.71)\u00bb width=\u00bb100%\u00bb max_width=\u00bb2560px\u00bb custom_margin=\u00bb7px|auto||auto|false|false\u00bb custom_padding=\u00bb79px||134px|20px|false|false\u00bb global_colors_info=\u00bb{}\u00bb][et_pb_column type=\u00bb4_4&#8243; _builder_version=\u00bb4.24.2&#8243; _module_preset=\u00bbdefault\u00bb global_colors_info=\u00bb{}\u00bb][et_pb_text _builder_version=\u00bb4.24.2&#8243; _module_preset=\u00bbdefault\u00bb text_font=\u00bb|700|||||||\u00bb text_text_color=\u00bb#FFFFFF\u00bb text_font_size=\u00bb59px\u00bb text_line_height=\u00bb1.1em\u00bb text_orientation=\u00bbcenter\u00bb custom_margin=\u00bb52px|||||\u00bb animation_style=\u00bbslide\u00bb animation_direction=\u00bbleft\u00bb animation_intensity_slide=\u00bb8%\u00bb text_font_size_tablet=\u00bb59px\u00bb text_font_size_phone=\u00bb37px\u00bb text_font_size_last_edited=\u00bbon|phone\u00bb global_colors_info=\u00bb{}\u00bb]<\/p>\n<p>Capacitaci\u00f3n<\/p>\n<p>[\/et_pb_text][et_pb_text _builder_version=\u00bb4.24.2&#8243; _module_preset=\u00bbdefault\u00bb text_text_color=\u00bb#FFFFFF\u00bb text_font_size=\u00bb19px\u00bb text_orientation=\u00bbcenter\u00bb max_width=\u00bb43%\u00bb module_alignment=\u00bbcenter\u00bb animation_style=\u00bbfade\u00bb animation_delay=\u00bb350ms\u00bb hover_enabled=\u00bb0&#8243; global_colors_info=\u00bb{}\u00bb sticky_enabled=\u00bb0&#8243;]<\/p>\n<p>Te presentamos nuestras desarrollos en capacitaci\u00f3n para usuarios por SISA Consultores.<\/p>\n<p>[\/et_pb_text][\/et_pb_column][\/et_pb_row][\/et_pb_section][et_pb_section fb_built=\u00bb1&#8243; module_id=\u00bbKAPA 8&#8243; _builder_version=\u00bb4.24.2&#8243; _module_preset=\u00bbdefault\u00bb background_color=\u00bb#FFFFFF\u00bb custom_margin=\u00bb-12px|||||\u00bb custom_padding=\u00bb51px||194px|||\u00bb global_colors_info=\u00bb{}\u00bb][et_pb_row column_structure=\u00bb1_2,1_2&#8243; use_custom_gutter=\u00bbon\u00bb gutter_width=\u00bb4&#8243; make_equal=\u00bbon\u00bb _builder_version=\u00bb4.24.2&#8243; _module_preset=\u00bbdefault\u00bb width=\u00bb95%\u00bb max_width=\u00bb1177px\u00bb custom_margin=\u00bb104px|auto||auto||\u00bb custom_padding=\u00bb67px|||||\u00bb global_colors_info=\u00bb{}\u00bb][et_pb_column type=\u00bb1_2&#8243; _builder_version=\u00bb4.24.2&#8243; _module_preset=\u00bbdefault\u00bb animation_style=\u00bbslide\u00bb animation_direction=\u00bbtop\u00bb animation_intensity_slide=\u00bb10%\u00bb global_colors_info=\u00bb{}\u00bb][et_pb_text _builder_version=\u00bb4.24.2&#8243; _module_preset=\u00bbdefault\u00bb text_font=\u00bb|700|||||||\u00bb text_text_color=\u00bb#000000&#8243; text_font_size=\u00bb65px\u00bb animation_style=\u00bbslide\u00bb animation_direction=\u00bbleft\u00bb animation_intensity_slide=\u00bb6%\u00bb global_colors_info=\u00bb{}\u00bb]<\/p>\n<p>KAPA 8<\/p>\n<p>[\/et_pb_text][et_pb_text _builder_version=\u00bb4.24.2&#8243; _module_preset=\u00bbdefault\u00bb text_font_size=\u00bb20px\u00bb animation_style=\u00bbfade\u00bb animation_delay=\u00bb200ms\u00bb global_colors_info=\u00bb{}\u00bb]<\/p>\n<p><span>Capacitaci\u00f3n en ciberseguridad dirigida a usuarios para reducir pr\u00e1cticas inseguras.<\/span><\/p>\n<p>[\/et_pb_text][et_pb_button button_text=\u00bbQuiero saber mas&#8230;\u00bb _builder_version=\u00bb4.24.2&#8243; _module_preset=\u00bbdefault\u00bb custom_button=\u00bbon\u00bb button_text_size=\u00bb16px\u00bb button_text_color=\u00bb#FFFFFF\u00bb button_bg_color=\u00bb#000000&#8243; button_border_width=\u00bb0px\u00bb button_border_radius=\u00bb56px\u00bb animation_style=\u00bbbounce\u00bb animation_duration=\u00bb900ms\u00bb hover_enabled=\u00bb0&#8243; global_colors_info=\u00bb{}\u00bb button_url=\u00bb@ET-DC@eyJkeW5hbWljIjp0cnVlLCJjb250ZW50IjoicG9zdF9saW5rX3VybF9wYWdlIiwic2V0dGluZ3MiOnsicG9zdF9pZCI6IjUwNiJ9fQ==@\u00bb _dynamic_attributes=\u00bbbutton_url\u00bb sticky_enabled=\u00bb0&#8243;][\/et_pb_button][\/et_pb_column][et_pb_column type=\u00bb1_2&#8243; _builder_version=\u00bb4.24.2&#8243; _module_preset=\u00bbdefault\u00bb animation_style=\u00bbslide\u00bb animation_direction=\u00bbtop\u00bb animation_intensity_slide=\u00bb10%\u00bb global_colors_info=\u00bb{}\u00bb][et_pb_image src=\u00bbhttps:\/\/prueba.endergraphic.com\/wp-content\/uploads\/2025\/03\/Kapa-img.jpg\u00bb title_text=\u00bbKapa img\u00bb _builder_version=\u00bb4.24.2&#8243; _module_preset=\u00bbdefault\u00bb width=\u00bb74%\u00bb custom_margin=\u00bb-102px||||false|false\u00bb animation_style=\u00bbzoom\u00bb animation_intensity_zoom=\u00bb18%\u00bb border_radii=\u00bbon|30px|30px|30px|30px\u00bb global_colors_info=\u00bb{}\u00bb][\/et_pb_image][\/et_pb_column][\/et_pb_row][\/et_pb_section]<\/p>\n","protected":false},"excerpt":{"rendered":"<p>Capacitaci\u00f3nTe presentamos nuestras desarrollos en capacitaci\u00f3n para usuarios por SISA Consultores.KAPA 8Capacitaci\u00f3n en ciberseguridad dirigida a usuarios para reducir pr\u00e1cticas inseguras.<\/p>\n","protected":false},"author":1,"featured_media":0,"parent":0,"menu_order":0,"comment_status":"closed","ping_status":"closed","template":"","meta":{"_et_pb_use_builder":"on","_et_pb_old_content":"","_et_gb_content_width":"","footnotes":""},"class_list":["post-338","page","type-page","status-publish","hentry"],"yoast_head":"<!-- This site is optimized with the Yoast SEO plugin v25.5 - https:\/\/yoast.com\/wordpress\/plugins\/seo\/ -->\n<title>Capacitaci\u00f3n - prueba<\/title>\n<meta name=\"robots\" content=\"index, follow, max-snippet:-1, max-image-preview:large, max-video-preview:-1\" \/>\n<link rel=\"canonical\" href=\"https:\/\/prueba.endergraphic.com\/index.php\/capacitacion\/\" \/>\n<meta property=\"og:locale\" content=\"es_ES\" \/>\n<meta property=\"og:type\" content=\"article\" \/>\n<meta property=\"og:title\" content=\"Capacitaci\u00f3n - prueba\" \/>\n<meta property=\"og:description\" content=\"Capacitaci\u00f3nTe presentamos nuestras desarrollos en capacitaci\u00f3n para usuarios por SISA Consultores.KAPA 8Capacitaci\u00f3n en ciberseguridad dirigida a usuarios para reducir pr\u00e1cticas inseguras.\" \/>\n<meta property=\"og:url\" content=\"https:\/\/prueba.endergraphic.com\/index.php\/capacitacion\/\" \/>\n<meta property=\"og:site_name\" content=\"prueba\" \/>\n<meta property=\"article:modified_time\" content=\"2025-05-02T14:20:48+00:00\" \/>\n<meta name=\"twitter:card\" content=\"summary_large_image\" \/>\n<meta name=\"twitter:label1\" content=\"Tiempo de lectura\" \/>\n\t<meta name=\"twitter:data1\" content=\"3 minutos\" \/>\n<script type=\"application\/ld+json\" class=\"yoast-schema-graph\">{\"@context\":\"https:\/\/schema.org\",\"@graph\":[{\"@type\":\"WebPage\",\"@id\":\"https:\/\/prueba.endergraphic.com\/index.php\/capacitacion\/\",\"url\":\"https:\/\/prueba.endergraphic.com\/index.php\/capacitacion\/\",\"name\":\"Capacitaci\u00f3n - prueba\",\"isPartOf\":{\"@id\":\"https:\/\/prueba.endergraphic.com\/#website\"},\"datePublished\":\"2025-03-27T15:04:46+00:00\",\"dateModified\":\"2025-05-02T14:20:48+00:00\",\"breadcrumb\":{\"@id\":\"https:\/\/prueba.endergraphic.com\/index.php\/capacitacion\/#breadcrumb\"},\"inLanguage\":\"es\",\"potentialAction\":[{\"@type\":\"ReadAction\",\"target\":[\"https:\/\/prueba.endergraphic.com\/index.php\/capacitacion\/\"]}]},{\"@type\":\"BreadcrumbList\",\"@id\":\"https:\/\/prueba.endergraphic.com\/index.php\/capacitacion\/#breadcrumb\",\"itemListElement\":[{\"@type\":\"ListItem\",\"position\":1,\"name\":\"Portada\",\"item\":\"https:\/\/prueba.endergraphic.com\/\"},{\"@type\":\"ListItem\",\"position\":2,\"name\":\"Capacitaci\u00f3n\"}]},{\"@type\":\"WebSite\",\"@id\":\"https:\/\/prueba.endergraphic.com\/#website\",\"url\":\"https:\/\/prueba.endergraphic.com\/\",\"name\":\"prueba\",\"description\":\"\",\"potentialAction\":[{\"@type\":\"SearchAction\",\"target\":{\"@type\":\"EntryPoint\",\"urlTemplate\":\"https:\/\/prueba.endergraphic.com\/?s={search_term_string}\"},\"query-input\":{\"@type\":\"PropertyValueSpecification\",\"valueRequired\":true,\"valueName\":\"search_term_string\"}}],\"inLanguage\":\"es\"}]}<\/script>\n<!-- \/ Yoast SEO plugin. -->","yoast_head_json":{"title":"Capacitaci\u00f3n - prueba","robots":{"index":"index","follow":"follow","max-snippet":"max-snippet:-1","max-image-preview":"max-image-preview:large","max-video-preview":"max-video-preview:-1"},"canonical":"https:\/\/prueba.endergraphic.com\/index.php\/capacitacion\/","og_locale":"es_ES","og_type":"article","og_title":"Capacitaci\u00f3n - prueba","og_description":"Capacitaci\u00f3nTe presentamos nuestras desarrollos en capacitaci\u00f3n para usuarios por SISA Consultores.KAPA 8Capacitaci\u00f3n en ciberseguridad dirigida a usuarios para reducir pr\u00e1cticas inseguras.","og_url":"https:\/\/prueba.endergraphic.com\/index.php\/capacitacion\/","og_site_name":"prueba","article_modified_time":"2025-05-02T14:20:48+00:00","twitter_card":"summary_large_image","twitter_misc":{"Tiempo de lectura":"3 minutos"},"schema":{"@context":"https:\/\/schema.org","@graph":[{"@type":"WebPage","@id":"https:\/\/prueba.endergraphic.com\/index.php\/capacitacion\/","url":"https:\/\/prueba.endergraphic.com\/index.php\/capacitacion\/","name":"Capacitaci\u00f3n - prueba","isPartOf":{"@id":"https:\/\/prueba.endergraphic.com\/#website"},"datePublished":"2025-03-27T15:04:46+00:00","dateModified":"2025-05-02T14:20:48+00:00","breadcrumb":{"@id":"https:\/\/prueba.endergraphic.com\/index.php\/capacitacion\/#breadcrumb"},"inLanguage":"es","potentialAction":[{"@type":"ReadAction","target":["https:\/\/prueba.endergraphic.com\/index.php\/capacitacion\/"]}]},{"@type":"BreadcrumbList","@id":"https:\/\/prueba.endergraphic.com\/index.php\/capacitacion\/#breadcrumb","itemListElement":[{"@type":"ListItem","position":1,"name":"Portada","item":"https:\/\/prueba.endergraphic.com\/"},{"@type":"ListItem","position":2,"name":"Capacitaci\u00f3n"}]},{"@type":"WebSite","@id":"https:\/\/prueba.endergraphic.com\/#website","url":"https:\/\/prueba.endergraphic.com\/","name":"prueba","description":"","potentialAction":[{"@type":"SearchAction","target":{"@type":"EntryPoint","urlTemplate":"https:\/\/prueba.endergraphic.com\/?s={search_term_string}"},"query-input":{"@type":"PropertyValueSpecification","valueRequired":true,"valueName":"search_term_string"}}],"inLanguage":"es"}]}},"_links":{"self":[{"href":"https:\/\/prueba.endergraphic.com\/index.php\/wp-json\/wp\/v2\/pages\/338","targetHints":{"allow":["GET"]}}],"collection":[{"href":"https:\/\/prueba.endergraphic.com\/index.php\/wp-json\/wp\/v2\/pages"}],"about":[{"href":"https:\/\/prueba.endergraphic.com\/index.php\/wp-json\/wp\/v2\/types\/page"}],"author":[{"embeddable":true,"href":"https:\/\/prueba.endergraphic.com\/index.php\/wp-json\/wp\/v2\/users\/1"}],"replies":[{"embeddable":true,"href":"https:\/\/prueba.endergraphic.com\/index.php\/wp-json\/wp\/v2\/comments?post=338"}],"version-history":[{"count":9,"href":"https:\/\/prueba.endergraphic.com\/index.php\/wp-json\/wp\/v2\/pages\/338\/revisions"}],"predecessor-version":[{"id":1022,"href":"https:\/\/prueba.endergraphic.com\/index.php\/wp-json\/wp\/v2\/pages\/338\/revisions\/1022"}],"wp:attachment":[{"href":"https:\/\/prueba.endergraphic.com\/index.php\/wp-json\/wp\/v2\/media?parent=338"}],"curies":[{"name":"wp","href":"https:\/\/api.w.org\/{rel}","templated":true}]}}