{"id":166,"date":"2025-03-19T20:15:24","date_gmt":"2025-03-19T20:15:24","guid":{"rendered":"https:\/\/prueba.endergraphic.com\/?page_id=166"},"modified":"2025-04-29T14:45:07","modified_gmt":"2025-04-29T14:45:07","slug":"contacto","status":"publish","type":"page","link":"https:\/\/prueba.endergraphic.com\/index.php\/contacto\/","title":{"rendered":"Contacto"},"content":{"rendered":"<p>[et_pb_section fb_built=\u00bb1&#8243; _builder_version=\u00bb4.24.2&#8243; _module_preset=\u00bbdefault\u00bb background_image=\u00bbhttps:\/\/prueba.endergraphic.com\/wp-content\/uploads\/2025\/04\/rear-view-programmer-working-all-night-long-scaled.jpg\u00bb parallax=\u00bbon\u00bb parallax_method=\u00bboff\u00bb custom_padding=\u00bb||210px|||\u00bb global_colors_info=\u00bb{}\u00bb][et_pb_row _builder_version=\u00bb4.24.2&#8243; _module_preset=\u00bbdefault\u00bb width=\u00bb50%\u00bb custom_margin=\u00bb132px|auto||auto||\u00bb custom_padding=\u00bb||6px|||\u00bb global_colors_info=\u00bb{}\u00bb][et_pb_column type=\u00bb4_4&#8243; _builder_version=\u00bb4.24.2&#8243; _module_preset=\u00bbdefault\u00bb global_colors_info=\u00bb{}\u00bb][et_pb_text _builder_version=\u00bb4.24.2&#8243; _module_preset=\u00bbdefault\u00bb text_font=\u00bb|700|||||||\u00bb text_text_color=\u00bb#FFFFFF\u00bb text_font_size=\u00bb44px\u00bb custom_margin=\u00bb||33px|||\u00bb global_colors_info=\u00bb{}\u00bb]<\/p>\n<p style=\"text-align: center;\">Contacto SISA<\/p>\n<p>[\/et_pb_text][et_pb_text _builder_version=\u00bb4.24.2&#8243; _module_preset=\u00bbdefault\u00bb text_text_color=\u00bb#FFFFFF\u00bb text_font_size=\u00bb15px\u00bb text_orientation=\u00bbcenter\u00bb global_colors_info=\u00bb{}\u00bb]<\/p>\n<p><span>Estamos aqu\u00ed para ayudarte con tus necesidades<br \/>tecnol\u00f3gicas, de red y de ciberseguridad.<\/span><\/p>\n<p>[\/et_pb_text][\/et_pb_column][\/et_pb_row][et_pb_row _builder_version=\u00bb4.24.2&#8243; _module_preset=\u00bbdefault\u00bb width=\u00bb35%\u00bb max_width=\u00bb1023px\u00bb border_radii=\u00bbon|50px|50px|50px|50px\u00bb global_colors_info=\u00bb{}\u00bb][et_pb_column type=\u00bb4_4&#8243; _builder_version=\u00bb4.24.2&#8243; _module_preset=\u00bbdefault\u00bb border_radii=\u00bbon|32px|32px|32px|32px\u00bb global_colors_info=\u00bb{}\u00bb][et_pb_contact_form captcha=\u00bboff\u00bb submit_button_text=\u00bbEnviar consulta\u00bb _builder_version=\u00bb4.24.2&#8243; _module_preset=\u00bbdefault\u00bb _unique_id=\u00bb8fa1a6af-7c6e-4df7-867d-dc80a508e4f3&#8243; form_field_focus_background_color=\u00bb#FFFFFF\u00bb form_field_custom_margin=\u00bb5px|8px|12px|4px|false|false\u00bb captcha_text_color=\u00bb#1a9e8c\u00bb captcha_font_size=\u00bb14px\u00bb form_field_font_size=\u00bb13px\u00bb form_field_line_height=\u00bb2em\u00bb background_color=\u00bb#FFFFFF\u00bb custom_button=\u00bbon\u00bb button_text_size=\u00bb15px\u00bb button_text_color=\u00bb#FFFFFF\u00bb button_bg_color=\u00bb#199e83&#8243; button_border_width=\u00bb7px\u00bb button_border_color=\u00bbRGBA(255,255,255,0)\u00bb button_border_radius=\u00bb11px\u00bb button_custom_margin=\u00bb|159px||0px|false|false\u00bb button_custom_padding=\u00bb|14px|||false|false\u00bb custom_padding=\u00bb20px|20px|20px|20px|false|false\u00bb hover_enabled=\u00bb0&#8243; border_radii=\u00bbon|14px|14px|14px|14px\u00bb global_colors_info=\u00bb{}\u00bb button_bg_color__hover_enabled=\u00bbon|desktop\u00bb button_bg_color__hover=\u00bb#002f4f\u00bb button_bg_enable_color__hover=\u00bbon\u00bb email=\u00bbsoporte@sisaconsultores.com\u00bb sticky_enabled=\u00bb0&#8243;][et_pb_contact_field field_id=\u00bbNombre\u00bb field_title=\u00bbNombre\u00bb fullwidth_field=\u00bbon\u00bb _builder_version=\u00bb4.24.2&#8243; _module_preset=\u00bbdefault\u00bb global_colors_info=\u00bb{}\u00bb][\/et_pb_contact_field][et_pb_contact_field field_id=\u00bbEmail\u00bb field_title=\u00bbEmail\u00bb fullwidth_field=\u00bbon\u00bb _builder_version=\u00bb4.24.2&#8243; _module_preset=\u00bbdefault\u00bb global_colors_info=\u00bb{}\u00bb][\/et_pb_contact_field][et_pb_contact_field field_id=\u00bbMessage\u00bb field_title=\u00bbMensaje\u00bb field_type=\u00bbtext\u00bb fullwidth_field=\u00bbon\u00bb _builder_version=\u00bb4.16&#8243; global_colors_info=\u00bb{}\u00bb button_text_size__hover_enabled=\u00bboff\u00bb button_one_text_size__hover_enabled=\u00bboff\u00bb button_two_text_size__hover_enabled=\u00bboff\u00bb button_text_color__hover_enabled=\u00bboff\u00bb button_one_text_color__hover_enabled=\u00bboff\u00bb button_two_text_color__hover_enabled=\u00bboff\u00bb button_border_width__hover_enabled=\u00bboff\u00bb button_one_border_width__hover_enabled=\u00bboff\u00bb button_two_border_width__hover_enabled=\u00bboff\u00bb button_border_color__hover_enabled=\u00bboff\u00bb button_one_border_color__hover_enabled=\u00bboff\u00bb button_two_border_color__hover_enabled=\u00bboff\u00bb button_border_radius__hover_enabled=\u00bboff\u00bb button_one_border_radius__hover_enabled=\u00bboff\u00bb button_two_border_radius__hover_enabled=\u00bboff\u00bb button_letter_spacing__hover_enabled=\u00bboff\u00bb button_one_letter_spacing__hover_enabled=\u00bboff\u00bb button_two_letter_spacing__hover_enabled=\u00bboff\u00bb button_bg_color__hover_enabled=\u00bboff\u00bb button_one_bg_color__hover_enabled=\u00bboff\u00bb button_two_bg_color__hover_enabled=\u00bboff\u00bb][\/et_pb_contact_field][\/et_pb_contact_form][\/et_pb_column][\/et_pb_row][\/et_pb_section][et_pb_section fb_built=\u00bb1&#8243; _builder_version=\u00bb4.24.2&#8243; _module_preset=\u00bbdefault\u00bb custom_padding=\u00bb||127px|||\u00bb global_colors_info=\u00bb{}\u00bb][et_pb_row column_structure=\u00bb1_2,1_2&#8243; _builder_version=\u00bb4.24.2&#8243; _module_preset=\u00bbdefault\u00bb custom_margin=\u00bb35px|auto||auto||\u00bb global_colors_info=\u00bb{}\u00bb][et_pb_column type=\u00bb1_2&#8243; _builder_version=\u00bb4.24.2&#8243; _module_preset=\u00bbdefault\u00bb global_colors_info=\u00bb{}\u00bb][et_pb_heading title=\u00bbUbicaci\u00f3n\u00bb _builder_version=\u00bb4.24.2&#8243; _module_preset=\u00bbdefault\u00bb title_font=\u00bb|700|||||||\u00bb title_font_size=\u00bb40px\u00bb custom_margin=\u00bb19px||21px|||\u00bb global_colors_info=\u00bb{}\u00bb][\/et_pb_heading][et_pb_text _builder_version=\u00bb4.24.2&#8243; _module_preset=\u00bbdefault\u00bb text_font_size=\u00bb16px\u00bb text_line_height=\u00bb1.3em\u00bb header_font_size=\u00bb27px\u00bb global_colors_info=\u00bb{}\u00bb]<\/p>\n<div class=\"layout-element layout-element--layout layout-element transition transition--scale\" data-v-5567603e=\"\" data-qa=\"layout-element-wrapper:zwpesz\" data-animation-state=\"active\">\n<div class=\"text-box layout-element__component layout-element__component--GridTextBox\" id=\"zwpeSZ\" data-v-5567603e=\"\" data-qa=\"gridtextbox:zwpesz\">\n<p dir=\"auto\" class=\"body\">Estamos ubicados en Guadalajara, Jalisco. ofreciendo soluciones innovadoras en tecnolog\u00edas de la informaci\u00f3n para garantizar la continuidad de su operaci\u00f3n.<\/p>\n<p dir=\"auto\" class=\"body\"><strong>Direcci\u00f3n <\/strong><\/p>\n<p dir=\"auto\" class=\"body\">Santo Santiago 3532, Chapalita, 44500 Guadalajara, Jal.<\/p>\n<p dir=\"auto\" class=\"body\"><strong>Horario <\/strong><\/p>\n<p dir=\"auto\" class=\"body\">Lunes a Viernes.<\/p>\n<\/div>\n<\/div>\n<p>[\/et_pb_text][\/et_pb_column][et_pb_column type=\u00bb1_2&#8243; _builder_version=\u00bb4.24.2&#8243; _module_preset=\u00bbdefault\u00bb global_colors_info=\u00bb{}\u00bb][et_pb_code _builder_version=\u00bb4.24.2&#8243; _module_preset=\u00bbdefault\u00bb global_colors_info=\u00bb{}\u00bb]<iframe src=\"https:\/\/www.google.com\/maps\/embed?pb=!1m14!1m8!1m3!1d59728.00550554406!2d-103.40016500000002!3d20.669565!3m2!1i1024!2i768!4f13.1!3m3!1m2!1s0x8428ae7c6f5c0001%3A0xcd14d04df5e907f2!2sSISA%20Consultores!5e0!3m2!1ses!2sus!4v1742569227937!5m2!1ses!2sus\" width=\"600\" height=\"450\" style=\"border:0;\" allowfullscreen=\"\" loading=\"lazy\" referrerpolicy=\"no-referrer-when-downgrade\"><\/iframe>[\/et_pb_code][\/et_pb_column][\/et_pb_row][\/et_pb_section]<\/p>\n","protected":false},"excerpt":{"rendered":"<p>Contacto SISAEstamos aqu\u00ed para ayudarte con tus necesidadestecnol\u00f3gicas, de red y de ciberseguridad. Estamos ubicados en Guadalajara, Jalisco. ofreciendo soluciones innovadoras en tecnolog\u00edas de la informaci\u00f3n para garantizar la continuidad de su operaci\u00f3n. Direcci\u00f3n Santo Santiago 3532, Chapalita, 44500 Guadalajara, Jal. Horario Lunes a Viernes.<\/p>\n","protected":false},"author":1,"featured_media":0,"parent":0,"menu_order":0,"comment_status":"closed","ping_status":"closed","template":"","meta":{"_et_pb_use_builder":"on","_et_pb_old_content":"","_et_gb_content_width":"","footnotes":""},"class_list":["post-166","page","type-page","status-publish","hentry"],"yoast_head":"<!-- This site is optimized with the Yoast SEO plugin v25.5 - https:\/\/yoast.com\/wordpress\/plugins\/seo\/ -->\n<title>Contacto - prueba<\/title>\n<meta name=\"robots\" content=\"index, follow, max-snippet:-1, max-image-preview:large, max-video-preview:-1\" \/>\n<link rel=\"canonical\" href=\"https:\/\/prueba.endergraphic.com\/index.php\/contacto\/\" \/>\n<meta property=\"og:locale\" content=\"es_ES\" \/>\n<meta property=\"og:type\" content=\"article\" \/>\n<meta property=\"og:title\" content=\"Contacto - prueba\" \/>\n<meta property=\"og:description\" content=\"Contacto SISAEstamos aqu\u00ed para ayudarte con tus necesidadestecnol\u00f3gicas, de red y de ciberseguridad. Estamos ubicados en Guadalajara, Jalisco. ofreciendo soluciones innovadoras en tecnolog\u00edas de la informaci\u00f3n para garantizar la continuidad de su operaci\u00f3n. Direcci\u00f3n Santo Santiago 3532, Chapalita, 44500 Guadalajara, Jal. Horario Lunes a Viernes.\" \/>\n<meta property=\"og:url\" content=\"https:\/\/prueba.endergraphic.com\/index.php\/contacto\/\" \/>\n<meta property=\"og:site_name\" content=\"prueba\" \/>\n<meta property=\"article:modified_time\" content=\"2025-04-29T14:45:07+00:00\" \/>\n<meta name=\"twitter:card\" content=\"summary_large_image\" \/>\n<meta name=\"twitter:label1\" content=\"Tiempo de lectura\" \/>\n\t<meta name=\"twitter:data1\" content=\"4 minutos\" \/>\n<script type=\"application\/ld+json\" class=\"yoast-schema-graph\">{\"@context\":\"https:\/\/schema.org\",\"@graph\":[{\"@type\":\"WebPage\",\"@id\":\"https:\/\/prueba.endergraphic.com\/index.php\/contacto\/\",\"url\":\"https:\/\/prueba.endergraphic.com\/index.php\/contacto\/\",\"name\":\"Contacto - prueba\",\"isPartOf\":{\"@id\":\"https:\/\/prueba.endergraphic.com\/#website\"},\"datePublished\":\"2025-03-19T20:15:24+00:00\",\"dateModified\":\"2025-04-29T14:45:07+00:00\",\"breadcrumb\":{\"@id\":\"https:\/\/prueba.endergraphic.com\/index.php\/contacto\/#breadcrumb\"},\"inLanguage\":\"es\",\"potentialAction\":[{\"@type\":\"ReadAction\",\"target\":[\"https:\/\/prueba.endergraphic.com\/index.php\/contacto\/\"]}]},{\"@type\":\"BreadcrumbList\",\"@id\":\"https:\/\/prueba.endergraphic.com\/index.php\/contacto\/#breadcrumb\",\"itemListElement\":[{\"@type\":\"ListItem\",\"position\":1,\"name\":\"Portada\",\"item\":\"https:\/\/prueba.endergraphic.com\/\"},{\"@type\":\"ListItem\",\"position\":2,\"name\":\"Contacto\"}]},{\"@type\":\"WebSite\",\"@id\":\"https:\/\/prueba.endergraphic.com\/#website\",\"url\":\"https:\/\/prueba.endergraphic.com\/\",\"name\":\"prueba\",\"description\":\"\",\"potentialAction\":[{\"@type\":\"SearchAction\",\"target\":{\"@type\":\"EntryPoint\",\"urlTemplate\":\"https:\/\/prueba.endergraphic.com\/?s={search_term_string}\"},\"query-input\":{\"@type\":\"PropertyValueSpecification\",\"valueRequired\":true,\"valueName\":\"search_term_string\"}}],\"inLanguage\":\"es\"}]}<\/script>\n<!-- \/ Yoast SEO plugin. -->","yoast_head_json":{"title":"Contacto - prueba","robots":{"index":"index","follow":"follow","max-snippet":"max-snippet:-1","max-image-preview":"max-image-preview:large","max-video-preview":"max-video-preview:-1"},"canonical":"https:\/\/prueba.endergraphic.com\/index.php\/contacto\/","og_locale":"es_ES","og_type":"article","og_title":"Contacto - prueba","og_description":"Contacto SISAEstamos aqu\u00ed para ayudarte con tus necesidadestecnol\u00f3gicas, de red y de ciberseguridad. Estamos ubicados en Guadalajara, Jalisco. ofreciendo soluciones innovadoras en tecnolog\u00edas de la informaci\u00f3n para garantizar la continuidad de su operaci\u00f3n. Direcci\u00f3n Santo Santiago 3532, Chapalita, 44500 Guadalajara, Jal. Horario Lunes a Viernes.","og_url":"https:\/\/prueba.endergraphic.com\/index.php\/contacto\/","og_site_name":"prueba","article_modified_time":"2025-04-29T14:45:07+00:00","twitter_card":"summary_large_image","twitter_misc":{"Tiempo de lectura":"4 minutos"},"schema":{"@context":"https:\/\/schema.org","@graph":[{"@type":"WebPage","@id":"https:\/\/prueba.endergraphic.com\/index.php\/contacto\/","url":"https:\/\/prueba.endergraphic.com\/index.php\/contacto\/","name":"Contacto - prueba","isPartOf":{"@id":"https:\/\/prueba.endergraphic.com\/#website"},"datePublished":"2025-03-19T20:15:24+00:00","dateModified":"2025-04-29T14:45:07+00:00","breadcrumb":{"@id":"https:\/\/prueba.endergraphic.com\/index.php\/contacto\/#breadcrumb"},"inLanguage":"es","potentialAction":[{"@type":"ReadAction","target":["https:\/\/prueba.endergraphic.com\/index.php\/contacto\/"]}]},{"@type":"BreadcrumbList","@id":"https:\/\/prueba.endergraphic.com\/index.php\/contacto\/#breadcrumb","itemListElement":[{"@type":"ListItem","position":1,"name":"Portada","item":"https:\/\/prueba.endergraphic.com\/"},{"@type":"ListItem","position":2,"name":"Contacto"}]},{"@type":"WebSite","@id":"https:\/\/prueba.endergraphic.com\/#website","url":"https:\/\/prueba.endergraphic.com\/","name":"prueba","description":"","potentialAction":[{"@type":"SearchAction","target":{"@type":"EntryPoint","urlTemplate":"https:\/\/prueba.endergraphic.com\/?s={search_term_string}"},"query-input":{"@type":"PropertyValueSpecification","valueRequired":true,"valueName":"search_term_string"}}],"inLanguage":"es"}]}},"_links":{"self":[{"href":"https:\/\/prueba.endergraphic.com\/index.php\/wp-json\/wp\/v2\/pages\/166","targetHints":{"allow":["GET"]}}],"collection":[{"href":"https:\/\/prueba.endergraphic.com\/index.php\/wp-json\/wp\/v2\/pages"}],"about":[{"href":"https:\/\/prueba.endergraphic.com\/index.php\/wp-json\/wp\/v2\/types\/page"}],"author":[{"embeddable":true,"href":"https:\/\/prueba.endergraphic.com\/index.php\/wp-json\/wp\/v2\/users\/1"}],"replies":[{"embeddable":true,"href":"https:\/\/prueba.endergraphic.com\/index.php\/wp-json\/wp\/v2\/comments?post=166"}],"version-history":[{"count":9,"href":"https:\/\/prueba.endergraphic.com\/index.php\/wp-json\/wp\/v2\/pages\/166\/revisions"}],"predecessor-version":[{"id":1019,"href":"https:\/\/prueba.endergraphic.com\/index.php\/wp-json\/wp\/v2\/pages\/166\/revisions\/1019"}],"wp:attachment":[{"href":"https:\/\/prueba.endergraphic.com\/index.php\/wp-json\/wp\/v2\/media?parent=166"}],"curies":[{"name":"wp","href":"https:\/\/api.w.org\/{rel}","templated":true}]}}